{"id":9,"date":"2019-06-13T09:52:02","date_gmt":"2019-06-13T09:52:02","guid":{"rendered":"http:\/\/demo.motothemes.co\/netw1\/chiropractors\/?page_id=9"},"modified":"2025-08-12T11:51:45","modified_gmt":"2025-08-12T16:51:45","slug":"services","status":"publish","type":"page","link":"https:\/\/itesa.com.co\/index.php\/services\/","title":{"rendered":"Quienes Somos"},"content":{"rendered":"<section class=\"wpb-content-wrapper\"><p>[vc_row][vc_column]<div class=\"motov4_spacer_69f5ebb1221b6\"><\/div><div class=\"motov4_feature_69f5ebb1221d2\"><div class=\"row\"> <div class=\"col-lg-4 col-md-6\">\r\n\t\t\t\t<div class=\"motov4_69f5ebb122324 motov4_features_box text-center motov4_features_box_style4\"><div class=\"motov4_icon_box\" style=\"\"><img decoding=\"async\" src=\"https:\/\/itesa.com.co\/wp-content\/uploads\/2023\/07\/mision-150x150-80x80.jpg\" alt=\"feature\"><\/div>\r\n\t\t\t\t\t<div class=\"motov4_feature_data\"><h3>Misi\u00f3n<\/h3>\r\n\t\t\t\t\t<p>Prestar el servicio de alumbrado p\u00fablico de manera eficiente, con el fin de satisfacer las necesidades de nuestros clientes y partes interesadas, contribuyendo al mejoramiento de la calidad de vida de los ciudadanos, a trav\u00e9s de un servicio innovador y eficiente, con responsabilidad social y ambiental.<\/p><\/div><\/div>\r\n\t\t\t<\/div><div class=\"col-lg-4 col-md-6\">\r\n\t\t\t\t<div class=\"motov4_69f5ebb1226b4 motov4_features_box text-center motov4_features_box_style4\"><div class=\"motov4_icon_box\" style=\"\"><img decoding=\"async\" src=\"https:\/\/itesa.com.co\/wp-content\/uploads\/2023\/07\/vision1-150x150-80x80.webp\" alt=\"feature\"><\/div>\r\n\t\t\t\t\t<div class=\"motov4_feature_data\"><h3>Visi\u00f3n<\/h3>\r\n\t\t\t\t\t<p>Ser una organizaci\u00f3n l\u00edder en nuestra regi\u00f3n, reconocida por la gesti\u00f3n inteligente de los sistemas de alumbrado p\u00fablico, comprometida con el desarrollo sostenible, el uso racional de la energ\u00eda y la seguridad y la salud en el trabajo.<\/p><\/div><\/div>\r\n\t\t\t<\/div><div class=\"col-lg-4 col-md-6\">\r\n\t\t\t\t<div class=\"motov4_69f5ebb122892 motov4_features_box text-center motov4_features_box_style4\"><div class=\"motov4_icon_box\" style=\"\"><img decoding=\"async\" src=\"https:\/\/itesa.com.co\/wp-content\/uploads\/2023\/07\/objeto-social-150x150-80x80.jpg\" alt=\"feature\"><\/div>\r\n\t\t\t\t\t<div class=\"motov4_feature_data\"><h3>Objeto<\/h3>\r\n\t\t\t\t\t<p><\/p><\/div><\/div>\r\n\t\t\t<\/div> <\/div><\/div><div class=\"motov4_spacer_69f5ebb122a43\"><\/div>[\/vc_column][\/vc_row]<\/p>\n<\/section>","protected":false},"excerpt":{"rendered":"<p>[vc_row][vc_column][\/vc_column][\/vc_row]<\/p>\n","protected":false},"author":1,"featured_media":0,"parent":0,"menu_order":0,"comment_status":"closed","ping_status":"closed","template":"","meta":{"footnotes":""},"class_list":["post-9","page","type-page","status-publish","hentry"],"_links":{"self":[{"href":"https:\/\/itesa.com.co\/index.php\/wp-json\/wp\/v2\/pages\/9","targetHints":{"allow":["GET"]}}],"collection":[{"href":"https:\/\/itesa.com.co\/index.php\/wp-json\/wp\/v2\/pages"}],"about":[{"href":"https:\/\/itesa.com.co\/index.php\/wp-json\/wp\/v2\/types\/page"}],"author":[{"embeddable":true,"href":"https:\/\/itesa.com.co\/index.php\/wp-json\/wp\/v2\/users\/1"}],"replies":[{"embeddable":true,"href":"https:\/\/itesa.com.co\/index.php\/wp-json\/wp\/v2\/comments?post=9"}],"version-history":[{"count":6,"href":"https:\/\/itesa.com.co\/index.php\/wp-json\/wp\/v2\/pages\/9\/revisions"}],"predecessor-version":[{"id":343,"href":"https:\/\/itesa.com.co\/index.php\/wp-json\/wp\/v2\/pages\/9\/revisions\/343"}],"wp:attachment":[{"href":"https:\/\/itesa.com.co\/index.php\/wp-json\/wp\/v2\/media?parent=9"}],"curies":[{"name":"wp","href":"https:\/\/api.w.org\/{rel}","templated":true}]}}